{"id":894,"date":"2023-05-10T20:15:14","date_gmt":"2023-05-10T18:15:14","guid":{"rendered":"https:\/\/www.canceropole-grandouest.com\/?page_id=894"},"modified":"2025-04-02T12:20:48","modified_gmt":"2025-04-02T10:20:48","slug":"groupe-de-travail","status":"publish","type":"page","link":"https:\/\/www.canceropole-grandouest.com\/3mc\/groupe-de-travail\/","title":{"rendered":"Th\u00e9matiques du r\u00e9seau 3MC"},"content":{"rendered":"\r\n<h2>Les th\u00e9matiques du r\u00e9seau sont les suivantes :<\/h2>\r\n<ul>\r\n<li>la recherche de nouvelles cibles biologiques impliqu\u00e9es dans le cancer telles que les kinases du cycle cellulaire et des voies de signalisation.<\/li>\r\n<li>le d\u00e9veloppement d&rsquo;agents anticanc\u00e9reux issus ou d\u00e9riv\u00e9s du milieu marin, essentiellement des mol\u00e9cules h\u00e9t\u00e9rocycliques, macrocycliques, des alkylglyc\u00e9rols et des glycoconjugu\u00e9s, synth\u00e9tis\u00e9es par des laboratoires de chimie organique, actives directement sur ces cibles ou sur l&rsquo;environnement tumoral<\/li>\r\n<li>l&rsquo;\u00e9tude de l&rsquo;implication de canaux ioniques et complexes dans la progression tumorale et la r\u00e9ponse th\u00e9rapeutique afin d&rsquo;identifier de nouvelles cibles et\/ou biomarqueurs et le d\u00e9veloppement de leur modulateurs.<\/li>\r\n<li>l&rsquo;\u00e9tude de la reprogrammation m\u00e9tabolique par l&rsquo;identification des alt\u00e9rations mitochondriales associ\u00e9es avec l&rsquo;agressivit\u00e9 des cellules tumorales et avec les dysfonctions m\u00e9taboliques des cellules non canc\u00e9reuses dans le contexte de la cachexie canc\u00e9reuse ainsi que le potentiel th\u00e9rapeutique de la modulation de certaines propri\u00e9t\u00e9s mitochondriales.<\/li>\r\n<\/ul>\r\n","protected":false},"excerpt":{"rendered":"<p>Les th\u00e9matiques du r\u00e9seau sont les suivantes : la recherche de nouvelles cibles biologiques impliqu\u00e9es dans le cancer&#8230;<\/p>\n","protected":false},"author":1,"featured_media":188,"parent":0,"menu_order":0,"comment_status":"closed","ping_status":"closed","template":"","meta":{"_acf_changed":false,"inline_featured_image":false,"footnotes":""},"class_list":["post-894","page","type-page","status-publish","has-post-thumbnail","hentry"],"acf":[],"yoast_head":"<!-- This site is optimized with the Yoast SEO plugin v27.4 - https:\/\/yoast.com\/product\/yoast-seo-wordpress\/ -->\n<title>Th\u00e9matiques du r\u00e9seau 3MC - Mol\u00e9cules marines, M\u00e9tabolisme et Cancer (3MC)<\/title>\n<meta name=\"robots\" content=\"index, follow, max-snippet:-1, max-image-preview:large, max-video-preview:-1\" \/>\n<link rel=\"canonical\" href=\"https:\/\/www.canceropole-grandouest.com\/3mc\/groupe-de-travail\/\" \/>\n<meta property=\"og:locale\" content=\"fr_FR\" \/>\n<meta property=\"og:type\" content=\"article\" \/>\n<meta property=\"og:title\" content=\"Th\u00e9matiques du r\u00e9seau 3MC - Mol\u00e9cules marines, M\u00e9tabolisme et Cancer (3MC)\" \/>\n<meta property=\"og:description\" content=\"Les th\u00e9matiques du r\u00e9seau sont les suivantes : la recherche de nouvelles cibles biologiques impliqu\u00e9es dans le cancer...\" \/>\n<meta property=\"og:url\" content=\"https:\/\/www.canceropole-grandouest.com\/3mc\/groupe-de-travail\/\" \/>\n<meta property=\"og:site_name\" content=\"Mol\u00e9cules marines, M\u00e9tabolisme et Cancer (3MC)\" \/>\n<meta property=\"article:modified_time\" content=\"2025-04-02T10:20:48+00:00\" \/>\n<meta property=\"og:image\" content=\"https:\/\/www.canceropole-grandouest.com\/3mc\/wp-content\/uploads\/sites\/5\/2023\/04\/Pastille-Mol-Marines-MD.jpg\" \/>\n\t<meta property=\"og:image:width\" content=\"1710\" \/>\n\t<meta property=\"og:image:height\" content=\"1041\" \/>\n\t<meta property=\"og:image:type\" content=\"image\/jpeg\" \/>\n<meta name=\"twitter:card\" content=\"summary_large_image\" \/>\n<meta name=\"twitter:label1\" content=\"Dur\u00e9e de lecture estim\u00e9e\" \/>\n\t<meta name=\"twitter:data1\" content=\"1 minute\" \/>\n<script type=\"application\/ld+json\" class=\"yoast-schema-graph\">{\"@context\":\"https:\\\/\\\/schema.org\",\"@graph\":[{\"@type\":\"WebPage\",\"@id\":\"https:\\\/\\\/www.canceropole-grandouest.com\\\/3mc\\\/groupe-de-travail\\\/\",\"url\":\"https:\\\/\\\/www.canceropole-grandouest.com\\\/3mc\\\/groupe-de-travail\\\/\",\"name\":\"Th\u00e9matiques du r\u00e9seau 3MC - Mol\u00e9cules marines, M\u00e9tabolisme et Cancer (3MC)\",\"isPartOf\":{\"@id\":\"https:\\\/\\\/www.canceropole-grandouest.com\\\/3mc\\\/#website\"},\"primaryImageOfPage\":{\"@id\":\"https:\\\/\\\/www.canceropole-grandouest.com\\\/3mc\\\/groupe-de-travail\\\/#primaryimage\"},\"image\":{\"@id\":\"https:\\\/\\\/www.canceropole-grandouest.com\\\/3mc\\\/groupe-de-travail\\\/#primaryimage\"},\"thumbnailUrl\":\"https:\\\/\\\/www.canceropole-grandouest.com\\\/3mc\\\/wp-content\\\/uploads\\\/sites\\\/5\\\/2023\\\/04\\\/Pastille-Mol-Marines-MD.jpg\",\"datePublished\":\"2023-05-10T18:15:14+00:00\",\"dateModified\":\"2025-04-02T10:20:48+00:00\",\"breadcrumb\":{\"@id\":\"https:\\\/\\\/www.canceropole-grandouest.com\\\/3mc\\\/groupe-de-travail\\\/#breadcrumb\"},\"inLanguage\":\"fr-FR\",\"potentialAction\":[{\"@type\":\"ReadAction\",\"target\":[\"https:\\\/\\\/www.canceropole-grandouest.com\\\/3mc\\\/groupe-de-travail\\\/\"]}]},{\"@type\":\"ImageObject\",\"inLanguage\":\"fr-FR\",\"@id\":\"https:\\\/\\\/www.canceropole-grandouest.com\\\/3mc\\\/groupe-de-travail\\\/#primaryimage\",\"url\":\"https:\\\/\\\/www.canceropole-grandouest.com\\\/3mc\\\/wp-content\\\/uploads\\\/sites\\\/5\\\/2023\\\/04\\\/Pastille-Mol-Marines-MD.jpg\",\"contentUrl\":\"https:\\\/\\\/www.canceropole-grandouest.com\\\/3mc\\\/wp-content\\\/uploads\\\/sites\\\/5\\\/2023\\\/04\\\/Pastille-Mol-Marines-MD.jpg\",\"width\":1710,\"height\":1041},{\"@type\":\"BreadcrumbList\",\"@id\":\"https:\\\/\\\/www.canceropole-grandouest.com\\\/3mc\\\/groupe-de-travail\\\/#breadcrumb\",\"itemListElement\":[{\"@type\":\"ListItem\",\"position\":1,\"name\":\"Accueil\",\"item\":\"https:\\\/\\\/www.canceropole-grandouest.com\\\/3mc\\\/\"},{\"@type\":\"ListItem\",\"position\":2,\"name\":\"Th\u00e9matiques du r\u00e9seau 3MC\"}]},{\"@type\":\"WebSite\",\"@id\":\"https:\\\/\\\/www.canceropole-grandouest.com\\\/3mc\\\/#website\",\"url\":\"https:\\\/\\\/www.canceropole-grandouest.com\\\/3mc\\\/\",\"name\":\"Mol\u00e9cules marines, M\u00e9tabolisme et Cancer (3MC)\",\"description\":\"Bretagne. Centre-Val de Loire. Pays de la Loire\",\"potentialAction\":[{\"@type\":\"SearchAction\",\"target\":{\"@type\":\"EntryPoint\",\"urlTemplate\":\"https:\\\/\\\/www.canceropole-grandouest.com\\\/3mc\\\/?s={search_term_string}\"},\"query-input\":{\"@type\":\"PropertyValueSpecification\",\"valueRequired\":true,\"valueName\":\"search_term_string\"}}],\"inLanguage\":\"fr-FR\"}]}<\/script>\n<!-- \/ Yoast SEO plugin. -->","yoast_head_json":{"title":"Th\u00e9matiques du r\u00e9seau 3MC - Mol\u00e9cules marines, M\u00e9tabolisme et Cancer (3MC)","robots":{"index":"index","follow":"follow","max-snippet":"max-snippet:-1","max-image-preview":"max-image-preview:large","max-video-preview":"max-video-preview:-1"},"canonical":"https:\/\/www.canceropole-grandouest.com\/3mc\/groupe-de-travail\/","og_locale":"fr_FR","og_type":"article","og_title":"Th\u00e9matiques du r\u00e9seau 3MC - Mol\u00e9cules marines, M\u00e9tabolisme et Cancer (3MC)","og_description":"Les th\u00e9matiques du r\u00e9seau sont les suivantes : la recherche de nouvelles cibles biologiques impliqu\u00e9es dans le cancer...","og_url":"https:\/\/www.canceropole-grandouest.com\/3mc\/groupe-de-travail\/","og_site_name":"Mol\u00e9cules marines, M\u00e9tabolisme et Cancer (3MC)","article_modified_time":"2025-04-02T10:20:48+00:00","og_image":[{"width":1710,"height":1041,"url":"https:\/\/www.canceropole-grandouest.com\/3mc\/wp-content\/uploads\/sites\/5\/2023\/04\/Pastille-Mol-Marines-MD.jpg","type":"image\/jpeg"}],"twitter_card":"summary_large_image","twitter_misc":{"Dur\u00e9e de lecture estim\u00e9e":"1 minute"},"schema":{"@context":"https:\/\/schema.org","@graph":[{"@type":"WebPage","@id":"https:\/\/www.canceropole-grandouest.com\/3mc\/groupe-de-travail\/","url":"https:\/\/www.canceropole-grandouest.com\/3mc\/groupe-de-travail\/","name":"Th\u00e9matiques du r\u00e9seau 3MC - Mol\u00e9cules marines, M\u00e9tabolisme et Cancer (3MC)","isPartOf":{"@id":"https:\/\/www.canceropole-grandouest.com\/3mc\/#website"},"primaryImageOfPage":{"@id":"https:\/\/www.canceropole-grandouest.com\/3mc\/groupe-de-travail\/#primaryimage"},"image":{"@id":"https:\/\/www.canceropole-grandouest.com\/3mc\/groupe-de-travail\/#primaryimage"},"thumbnailUrl":"https:\/\/www.canceropole-grandouest.com\/3mc\/wp-content\/uploads\/sites\/5\/2023\/04\/Pastille-Mol-Marines-MD.jpg","datePublished":"2023-05-10T18:15:14+00:00","dateModified":"2025-04-02T10:20:48+00:00","breadcrumb":{"@id":"https:\/\/www.canceropole-grandouest.com\/3mc\/groupe-de-travail\/#breadcrumb"},"inLanguage":"fr-FR","potentialAction":[{"@type":"ReadAction","target":["https:\/\/www.canceropole-grandouest.com\/3mc\/groupe-de-travail\/"]}]},{"@type":"ImageObject","inLanguage":"fr-FR","@id":"https:\/\/www.canceropole-grandouest.com\/3mc\/groupe-de-travail\/#primaryimage","url":"https:\/\/www.canceropole-grandouest.com\/3mc\/wp-content\/uploads\/sites\/5\/2023\/04\/Pastille-Mol-Marines-MD.jpg","contentUrl":"https:\/\/www.canceropole-grandouest.com\/3mc\/wp-content\/uploads\/sites\/5\/2023\/04\/Pastille-Mol-Marines-MD.jpg","width":1710,"height":1041},{"@type":"BreadcrumbList","@id":"https:\/\/www.canceropole-grandouest.com\/3mc\/groupe-de-travail\/#breadcrumb","itemListElement":[{"@type":"ListItem","position":1,"name":"Accueil","item":"https:\/\/www.canceropole-grandouest.com\/3mc\/"},{"@type":"ListItem","position":2,"name":"Th\u00e9matiques du r\u00e9seau 3MC"}]},{"@type":"WebSite","@id":"https:\/\/www.canceropole-grandouest.com\/3mc\/#website","url":"https:\/\/www.canceropole-grandouest.com\/3mc\/","name":"Mol\u00e9cules marines, M\u00e9tabolisme et Cancer (3MC)","description":"Bretagne. Centre-Val de Loire. Pays de la Loire","potentialAction":[{"@type":"SearchAction","target":{"@type":"EntryPoint","urlTemplate":"https:\/\/www.canceropole-grandouest.com\/3mc\/?s={search_term_string}"},"query-input":{"@type":"PropertyValueSpecification","valueRequired":true,"valueName":"search_term_string"}}],"inLanguage":"fr-FR"}]}},"_links":{"self":[{"href":"https:\/\/www.canceropole-grandouest.com\/3mc\/wp-json\/wp\/v2\/pages\/894","targetHints":{"allow":["GET"]}}],"collection":[{"href":"https:\/\/www.canceropole-grandouest.com\/3mc\/wp-json\/wp\/v2\/pages"}],"about":[{"href":"https:\/\/www.canceropole-grandouest.com\/3mc\/wp-json\/wp\/v2\/types\/page"}],"author":[{"embeddable":true,"href":"https:\/\/www.canceropole-grandouest.com\/3mc\/wp-json\/wp\/v2\/users\/1"}],"replies":[{"embeddable":true,"href":"https:\/\/www.canceropole-grandouest.com\/3mc\/wp-json\/wp\/v2\/comments?post=894"}],"version-history":[{"count":24,"href":"https:\/\/www.canceropole-grandouest.com\/3mc\/wp-json\/wp\/v2\/pages\/894\/revisions"}],"predecessor-version":[{"id":1403,"href":"https:\/\/www.canceropole-grandouest.com\/3mc\/wp-json\/wp\/v2\/pages\/894\/revisions\/1403"}],"wp:featuredmedia":[{"embeddable":true,"href":"https:\/\/www.canceropole-grandouest.com\/3mc\/wp-json\/wp\/v2\/media\/188"}],"wp:attachment":[{"href":"https:\/\/www.canceropole-grandouest.com\/3mc\/wp-json\/wp\/v2\/media?parent=894"}],"curies":[{"name":"wp","href":"https:\/\/api.w.org\/{rel}","templated":true}]}}