{"id":788,"date":"2023-04-17T10:51:09","date_gmt":"2023-04-17T08:51:09","guid":{"rendered":"https:\/\/www.canceropole-grandouest.com\/accueil-english\/"},"modified":"2025-07-16T14:07:38","modified_gmt":"2025-07-16T12:07:38","slug":"accueil-2","status":"publish","type":"page","link":"https:\/\/www.canceropole-grandouest.com\/exposome\/","title":{"rendered":"Exposome environnemental et soci\u00e9tal"},"content":{"rendered":"\n\n\t<div id=\"image-map-pro-3238\"><\/div>\n<p>&nbsp;<\/p>\n<p>Les objectifs seront de mieux \u00e9tudier et comprendre les facteurs de risques des cancers les plus fr\u00e9quents chez l&rsquo;homme et chez la femme, de fa\u00e7on \u00e0 r\u00e9duire l&rsquo;exposition des personnes \u00e0 ces facteurs. Parmi les facteurs de risques connus ou suspect\u00e9s impliqu\u00e9s dans l&rsquo;apparition des cancers de l&rsquo;Homme, les facteurs environnementaux et professionnels tiennent une place pr\u00e9pond\u00e9rante. Cette pr\u00e9vention abordera aussi la notion d&rsquo;exposome, qui vise \u00e0 prendre en compte les expositions environnementales de fa\u00e7on globale sur toute la dur\u00e9e de la vie, en y int\u00e9grant les facteurs li\u00e9s aux modes de vie (nutrition, addictions, etc).<\/p>\n<p><strong>Ce nouveau r\u00e9seau s&rsquo;inscrit pleinement dans la strat\u00e9gie d\u00e9cennale de l&rsquo;INCa dont le premier axe met en avant une volont\u00e9 d&rsquo;\u00ab am\u00e9liorer la pr\u00e9vention \u00bb des cancers, avec une d\u00e9clinaison en fiches-action. Celles-ci constitueront une v\u00e9ritable feuille de route de projets \u00e0 mettre en \u0153uvre pour notre r\u00e9seau.<\/strong><\/p>\n\t<h2>Save the date !<\/h2>\n\t<p><b><strong>16 d\u00e9c 2025. <\/strong><\/b>Journ\u00e9e annuelle du r\u00e9seau Exposome. Nantes. Infos \u00e0 venir<\/p>\n\n","protected":false},"excerpt":{"rendered":"<p>&nbsp; Les objectifs seront de mieux \u00e9tudier et comprendre les facteurs de risques des cancers les plus fr\u00e9quents&#8230;<\/p>\n","protected":false},"author":2,"featured_media":0,"parent":0,"menu_order":0,"comment_status":"closed","ping_status":"closed","template":"templates\/tpl-accueil-reseaux.php","meta":{"_acf_changed":false,"inline_featured_image":false,"footnotes":""},"class_list":["post-788","page","type-page","status-publish","hentry"],"acf":[],"yoast_head":"<!-- This site is optimized with the Yoast SEO plugin v27.4 - https:\/\/yoast.com\/product\/yoast-seo-wordpress\/ -->\n<title>Exposome environnemental et soci\u00e9tal - Exposome environnemental et soci\u00e9tal<\/title>\n<meta name=\"robots\" content=\"index, follow, max-snippet:-1, max-image-preview:large, max-video-preview:-1\" \/>\n<link rel=\"canonical\" href=\"https:\/\/www.canceropole-grandouest.com\/exposome\/\" \/>\n<meta property=\"og:locale\" content=\"fr_FR\" \/>\n<meta property=\"og:type\" content=\"article\" \/>\n<meta property=\"og:title\" content=\"Exposome environnemental et soci\u00e9tal - Exposome environnemental et soci\u00e9tal\" \/>\n<meta property=\"og:description\" content=\"&nbsp; Les objectifs seront de mieux \u00e9tudier et comprendre les facteurs de risques des cancers les plus fr\u00e9quents...\" \/>\n<meta property=\"og:url\" content=\"https:\/\/www.canceropole-grandouest.com\/exposome\/\" \/>\n<meta property=\"og:site_name\" content=\"Exposome environnemental et soci\u00e9tal\" \/>\n<meta property=\"article:modified_time\" content=\"2025-07-16T12:07:38+00:00\" \/>\n<meta name=\"twitter:card\" content=\"summary_large_image\" \/>\n<meta name=\"twitter:label1\" content=\"Dur\u00e9e de lecture estim\u00e9e\" \/>\n\t<meta name=\"twitter:data1\" content=\"1 minute\" \/>\n<script type=\"application\/ld+json\" class=\"yoast-schema-graph\">{\"@context\":\"https:\\\/\\\/schema.org\",\"@graph\":[{\"@type\":\"WebPage\",\"@id\":\"https:\\\/\\\/www.canceropole-grandouest.com\\\/exposome\\\/\",\"url\":\"https:\\\/\\\/www.canceropole-grandouest.com\\\/exposome\\\/\",\"name\":\"Exposome environnemental et soci\u00e9tal - Exposome environnemental et soci\u00e9tal\",\"isPartOf\":{\"@id\":\"https:\\\/\\\/www.canceropole-grandouest.com\\\/exposome\\\/#website\"},\"datePublished\":\"2023-04-17T08:51:09+00:00\",\"dateModified\":\"2025-07-16T12:07:38+00:00\",\"breadcrumb\":{\"@id\":\"https:\\\/\\\/www.canceropole-grandouest.com\\\/exposome\\\/#breadcrumb\"},\"inLanguage\":\"fr-FR\",\"potentialAction\":[{\"@type\":\"ReadAction\",\"target\":[\"https:\\\/\\\/www.canceropole-grandouest.com\\\/exposome\\\/\"]}]},{\"@type\":\"BreadcrumbList\",\"@id\":\"https:\\\/\\\/www.canceropole-grandouest.com\\\/exposome\\\/#breadcrumb\",\"itemListElement\":[{\"@type\":\"ListItem\",\"position\":1,\"name\":\"Accueil\",\"item\":\"https:\\\/\\\/www.canceropole-grandouest.com\\\/exposome\\\/\"},{\"@type\":\"ListItem\",\"position\":2,\"name\":\"Exposome environnemental et soci\u00e9tal\"}]},{\"@type\":\"WebSite\",\"@id\":\"https:\\\/\\\/www.canceropole-grandouest.com\\\/exposome\\\/#website\",\"url\":\"https:\\\/\\\/www.canceropole-grandouest.com\\\/exposome\\\/\",\"name\":\"Exposome environnemental et soci\u00e9tal\",\"description\":\"Bretagne. Centre-Val de Loire. Pays de la Loire\",\"potentialAction\":[{\"@type\":\"SearchAction\",\"target\":{\"@type\":\"EntryPoint\",\"urlTemplate\":\"https:\\\/\\\/www.canceropole-grandouest.com\\\/exposome\\\/?s={search_term_string}\"},\"query-input\":{\"@type\":\"PropertyValueSpecification\",\"valueRequired\":true,\"valueName\":\"search_term_string\"}}],\"inLanguage\":\"fr-FR\"}]}<\/script>\n<!-- \/ Yoast SEO plugin. -->","yoast_head_json":{"title":"Exposome environnemental et soci\u00e9tal - Exposome environnemental et soci\u00e9tal","robots":{"index":"index","follow":"follow","max-snippet":"max-snippet:-1","max-image-preview":"max-image-preview:large","max-video-preview":"max-video-preview:-1"},"canonical":"https:\/\/www.canceropole-grandouest.com\/exposome\/","og_locale":"fr_FR","og_type":"article","og_title":"Exposome environnemental et soci\u00e9tal - Exposome environnemental et soci\u00e9tal","og_description":"&nbsp; Les objectifs seront de mieux \u00e9tudier et comprendre les facteurs de risques des cancers les plus fr\u00e9quents...","og_url":"https:\/\/www.canceropole-grandouest.com\/exposome\/","og_site_name":"Exposome environnemental et soci\u00e9tal","article_modified_time":"2025-07-16T12:07:38+00:00","twitter_card":"summary_large_image","twitter_misc":{"Dur\u00e9e de lecture estim\u00e9e":"1 minute"},"schema":{"@context":"https:\/\/schema.org","@graph":[{"@type":"WebPage","@id":"https:\/\/www.canceropole-grandouest.com\/exposome\/","url":"https:\/\/www.canceropole-grandouest.com\/exposome\/","name":"Exposome environnemental et soci\u00e9tal - Exposome environnemental et soci\u00e9tal","isPartOf":{"@id":"https:\/\/www.canceropole-grandouest.com\/exposome\/#website"},"datePublished":"2023-04-17T08:51:09+00:00","dateModified":"2025-07-16T12:07:38+00:00","breadcrumb":{"@id":"https:\/\/www.canceropole-grandouest.com\/exposome\/#breadcrumb"},"inLanguage":"fr-FR","potentialAction":[{"@type":"ReadAction","target":["https:\/\/www.canceropole-grandouest.com\/exposome\/"]}]},{"@type":"BreadcrumbList","@id":"https:\/\/www.canceropole-grandouest.com\/exposome\/#breadcrumb","itemListElement":[{"@type":"ListItem","position":1,"name":"Accueil","item":"https:\/\/www.canceropole-grandouest.com\/exposome\/"},{"@type":"ListItem","position":2,"name":"Exposome environnemental et soci\u00e9tal"}]},{"@type":"WebSite","@id":"https:\/\/www.canceropole-grandouest.com\/exposome\/#website","url":"https:\/\/www.canceropole-grandouest.com\/exposome\/","name":"Exposome environnemental et soci\u00e9tal","description":"Bretagne. Centre-Val de Loire. Pays de la Loire","potentialAction":[{"@type":"SearchAction","target":{"@type":"EntryPoint","urlTemplate":"https:\/\/www.canceropole-grandouest.com\/exposome\/?s={search_term_string}"},"query-input":{"@type":"PropertyValueSpecification","valueRequired":true,"valueName":"search_term_string"}}],"inLanguage":"fr-FR"}]}},"_links":{"self":[{"href":"https:\/\/www.canceropole-grandouest.com\/exposome\/wp-json\/wp\/v2\/pages\/788","targetHints":{"allow":["GET"]}}],"collection":[{"href":"https:\/\/www.canceropole-grandouest.com\/exposome\/wp-json\/wp\/v2\/pages"}],"about":[{"href":"https:\/\/www.canceropole-grandouest.com\/exposome\/wp-json\/wp\/v2\/types\/page"}],"author":[{"embeddable":true,"href":"https:\/\/www.canceropole-grandouest.com\/exposome\/wp-json\/wp\/v2\/users\/2"}],"replies":[{"embeddable":true,"href":"https:\/\/www.canceropole-grandouest.com\/exposome\/wp-json\/wp\/v2\/comments?post=788"}],"version-history":[{"count":45,"href":"https:\/\/www.canceropole-grandouest.com\/exposome\/wp-json\/wp\/v2\/pages\/788\/revisions"}],"predecessor-version":[{"id":1415,"href":"https:\/\/www.canceropole-grandouest.com\/exposome\/wp-json\/wp\/v2\/pages\/788\/revisions\/1415"}],"wp:attachment":[{"href":"https:\/\/www.canceropole-grandouest.com\/exposome\/wp-json\/wp\/v2\/media?parent=788"}],"curies":[{"name":"wp","href":"https:\/\/api.w.org\/{rel}","templated":true}]}}