{"id":788,"date":"2023-04-17T10:51:09","date_gmt":"2023-04-17T08:51:09","guid":{"rendered":"https:\/\/www.canceropole-grandouest.com\/accueil-english\/"},"modified":"2025-07-16T16:05:47","modified_gmt":"2025-07-16T14:05:47","slug":"accueil-2","status":"publish","type":"page","link":"https:\/\/www.canceropole-grandouest.com\/net\/","title":{"rendered":"Niches et Epig\u00e9n\u00e9tique des Tumeurs (NET)"},"content":{"rendered":"\n\n\t<div id=\"image-map-pro-3238\"><\/div>\n<p>&nbsp;<\/p>\n<p><strong>Les recherches du r\u00e9seau NET ont pour but de comprendre les ph\u00e9nom\u00e8nes de r\u00e9sistances aux th\u00e9rapies anti-canc\u00e9reuses et de tumorogen\u00e8se via le d\u00e9chiffrage :<\/strong><\/p>\n<ul>\n<li>des m\u00e9canismes \u00e9pig\u00e9n\u00e9tiques touchant les cellules tumorales, immunitaires et les cellules du microenvironnement (cellules stromales m\u00e9senchymateuses, matrice extra-cellulaire, etc&#8230;), et<\/li>\n<li>du dialogue intercellulaire existant entre les acteurs de la niche.<\/li>\n<\/ul>\n<p>Une meilleure compr\u00e9hension de ces ph\u00e9nom\u00e8nes permettrait d&rsquo;am\u00e9liorer la prise charge th\u00e9rapeutique des patients \u00e0 travers le d\u00e9veloppement de biomarqueurs et de mol\u00e9cules innovantes ciblant les acteurs de la niche et de l&rsquo;\u00e9pig\u00e9n\u00e9tique.<\/p>\n\t<h2>Save the date !<\/h2>\n\t<b>Du 8 au 10 d\u00e9c 2025. <\/b>Congr\u00e8s FSTM. Le Croisic.\u00a0<a href=\"https:\/\/www.cancer-fstm.fr\/annual-meeting-2025\" target=\"_blank\" rel=\"noopener\">Infos<\/a><b><br \/>\nLes 17 et 18 novembre 2026. <\/b>EPI Saint Malo. Saint-Malo. Infos \u00e0 venir \u00e0 l&rsquo;automne 2025\n<p>&nbsp;<\/p>\n\n","protected":false},"excerpt":{"rendered":"<p>&nbsp; Les recherches du r\u00e9seau NET ont pour but de comprendre les ph\u00e9nom\u00e8nes de r\u00e9sistances aux th\u00e9rapies anti-canc\u00e9reuses&#8230;<\/p>\n","protected":false},"author":2,"featured_media":0,"parent":0,"menu_order":0,"comment_status":"closed","ping_status":"closed","template":"templates\/tpl-accueil-reseaux.php","meta":{"_acf_changed":false,"inline_featured_image":false,"footnotes":""},"class_list":["post-788","page","type-page","status-publish","hentry"],"acf":[],"yoast_head":"<!-- This site is optimized with the Yoast SEO plugin v27.4 - https:\/\/yoast.com\/product\/yoast-seo-wordpress\/ -->\n<title>Niches et Epig\u00e9n\u00e9tique des Tumeurs (NET) - Niches et Epig\u00e9n\u00e9tique des Tumeurs<\/title>\n<meta name=\"robots\" content=\"index, follow, max-snippet:-1, max-image-preview:large, max-video-preview:-1\" \/>\n<link rel=\"canonical\" href=\"https:\/\/www.canceropole-grandouest.com\/net\/\" \/>\n<meta property=\"og:locale\" content=\"fr_FR\" \/>\n<meta property=\"og:type\" content=\"article\" \/>\n<meta property=\"og:title\" content=\"Niches et Epig\u00e9n\u00e9tique des Tumeurs (NET) - Niches et Epig\u00e9n\u00e9tique des Tumeurs\" \/>\n<meta property=\"og:description\" content=\"&nbsp; Les recherches du r\u00e9seau NET ont pour but de comprendre les ph\u00e9nom\u00e8nes de r\u00e9sistances aux th\u00e9rapies anti-canc\u00e9reuses...\" \/>\n<meta property=\"og:url\" content=\"https:\/\/www.canceropole-grandouest.com\/net\/\" \/>\n<meta property=\"og:site_name\" content=\"Niches et Epig\u00e9n\u00e9tique des Tumeurs\" \/>\n<meta property=\"article:modified_time\" content=\"2025-07-16T14:05:47+00:00\" \/>\n<meta name=\"twitter:card\" content=\"summary_large_image\" \/>\n<meta name=\"twitter:label1\" content=\"Dur\u00e9e de lecture estim\u00e9e\" \/>\n\t<meta name=\"twitter:data1\" content=\"1 minute\" \/>\n<script type=\"application\/ld+json\" class=\"yoast-schema-graph\">{\"@context\":\"https:\\\/\\\/schema.org\",\"@graph\":[{\"@type\":\"WebPage\",\"@id\":\"https:\\\/\\\/www.canceropole-grandouest.com\\\/net\\\/\",\"url\":\"https:\\\/\\\/www.canceropole-grandouest.com\\\/net\\\/\",\"name\":\"Niches et Epig\u00e9n\u00e9tique des Tumeurs (NET) - Niches et Epig\u00e9n\u00e9tique des Tumeurs\",\"isPartOf\":{\"@id\":\"https:\\\/\\\/www.canceropole-grandouest.com\\\/net\\\/#website\"},\"datePublished\":\"2023-04-17T08:51:09+00:00\",\"dateModified\":\"2025-07-16T14:05:47+00:00\",\"breadcrumb\":{\"@id\":\"https:\\\/\\\/www.canceropole-grandouest.com\\\/net\\\/#breadcrumb\"},\"inLanguage\":\"fr-FR\",\"potentialAction\":[{\"@type\":\"ReadAction\",\"target\":[\"https:\\\/\\\/www.canceropole-grandouest.com\\\/net\\\/\"]}]},{\"@type\":\"BreadcrumbList\",\"@id\":\"https:\\\/\\\/www.canceropole-grandouest.com\\\/net\\\/#breadcrumb\",\"itemListElement\":[{\"@type\":\"ListItem\",\"position\":1,\"name\":\"Accueil\",\"item\":\"https:\\\/\\\/www.canceropole-grandouest.com\\\/net\\\/\"},{\"@type\":\"ListItem\",\"position\":2,\"name\":\"Niches et Epig\u00e9n\u00e9tique des Tumeurs (NET)\"}]},{\"@type\":\"WebSite\",\"@id\":\"https:\\\/\\\/www.canceropole-grandouest.com\\\/net\\\/#website\",\"url\":\"https:\\\/\\\/www.canceropole-grandouest.com\\\/net\\\/\",\"name\":\"Niches et Epig\u00e9n\u00e9tique des Tumeurs\",\"description\":\"Bretagne. Centre-Val de Loire. Pays de la Loire\",\"potentialAction\":[{\"@type\":\"SearchAction\",\"target\":{\"@type\":\"EntryPoint\",\"urlTemplate\":\"https:\\\/\\\/www.canceropole-grandouest.com\\\/net\\\/?s={search_term_string}\"},\"query-input\":{\"@type\":\"PropertyValueSpecification\",\"valueRequired\":true,\"valueName\":\"search_term_string\"}}],\"inLanguage\":\"fr-FR\"}]}<\/script>\n<!-- \/ Yoast SEO plugin. -->","yoast_head_json":{"title":"Niches et Epig\u00e9n\u00e9tique des Tumeurs (NET) - Niches et Epig\u00e9n\u00e9tique des Tumeurs","robots":{"index":"index","follow":"follow","max-snippet":"max-snippet:-1","max-image-preview":"max-image-preview:large","max-video-preview":"max-video-preview:-1"},"canonical":"https:\/\/www.canceropole-grandouest.com\/net\/","og_locale":"fr_FR","og_type":"article","og_title":"Niches et Epig\u00e9n\u00e9tique des Tumeurs (NET) - Niches et Epig\u00e9n\u00e9tique des Tumeurs","og_description":"&nbsp; Les recherches du r\u00e9seau NET ont pour but de comprendre les ph\u00e9nom\u00e8nes de r\u00e9sistances aux th\u00e9rapies anti-canc\u00e9reuses...","og_url":"https:\/\/www.canceropole-grandouest.com\/net\/","og_site_name":"Niches et Epig\u00e9n\u00e9tique des Tumeurs","article_modified_time":"2025-07-16T14:05:47+00:00","twitter_card":"summary_large_image","twitter_misc":{"Dur\u00e9e de lecture estim\u00e9e":"1 minute"},"schema":{"@context":"https:\/\/schema.org","@graph":[{"@type":"WebPage","@id":"https:\/\/www.canceropole-grandouest.com\/net\/","url":"https:\/\/www.canceropole-grandouest.com\/net\/","name":"Niches et Epig\u00e9n\u00e9tique des Tumeurs (NET) - Niches et Epig\u00e9n\u00e9tique des Tumeurs","isPartOf":{"@id":"https:\/\/www.canceropole-grandouest.com\/net\/#website"},"datePublished":"2023-04-17T08:51:09+00:00","dateModified":"2025-07-16T14:05:47+00:00","breadcrumb":{"@id":"https:\/\/www.canceropole-grandouest.com\/net\/#breadcrumb"},"inLanguage":"fr-FR","potentialAction":[{"@type":"ReadAction","target":["https:\/\/www.canceropole-grandouest.com\/net\/"]}]},{"@type":"BreadcrumbList","@id":"https:\/\/www.canceropole-grandouest.com\/net\/#breadcrumb","itemListElement":[{"@type":"ListItem","position":1,"name":"Accueil","item":"https:\/\/www.canceropole-grandouest.com\/net\/"},{"@type":"ListItem","position":2,"name":"Niches et Epig\u00e9n\u00e9tique des Tumeurs (NET)"}]},{"@type":"WebSite","@id":"https:\/\/www.canceropole-grandouest.com\/net\/#website","url":"https:\/\/www.canceropole-grandouest.com\/net\/","name":"Niches et Epig\u00e9n\u00e9tique des Tumeurs","description":"Bretagne. Centre-Val de Loire. Pays de la Loire","potentialAction":[{"@type":"SearchAction","target":{"@type":"EntryPoint","urlTemplate":"https:\/\/www.canceropole-grandouest.com\/net\/?s={search_term_string}"},"query-input":{"@type":"PropertyValueSpecification","valueRequired":true,"valueName":"search_term_string"}}],"inLanguage":"fr-FR"}]}},"_links":{"self":[{"href":"https:\/\/www.canceropole-grandouest.com\/net\/wp-json\/wp\/v2\/pages\/788","targetHints":{"allow":["GET"]}}],"collection":[{"href":"https:\/\/www.canceropole-grandouest.com\/net\/wp-json\/wp\/v2\/pages"}],"about":[{"href":"https:\/\/www.canceropole-grandouest.com\/net\/wp-json\/wp\/v2\/types\/page"}],"author":[{"embeddable":true,"href":"https:\/\/www.canceropole-grandouest.com\/net\/wp-json\/wp\/v2\/users\/2"}],"replies":[{"embeddable":true,"href":"https:\/\/www.canceropole-grandouest.com\/net\/wp-json\/wp\/v2\/comments?post=788"}],"version-history":[{"count":47,"href":"https:\/\/www.canceropole-grandouest.com\/net\/wp-json\/wp\/v2\/pages\/788\/revisions"}],"predecessor-version":[{"id":1438,"href":"https:\/\/www.canceropole-grandouest.com\/net\/wp-json\/wp\/v2\/pages\/788\/revisions\/1438"}],"wp:attachment":[{"href":"https:\/\/www.canceropole-grandouest.com\/net\/wp-json\/wp\/v2\/media?parent=788"}],"curies":[{"name":"wp","href":"https:\/\/api.w.org\/{rel}","templated":true}]}}