{"id":788,"date":"2023-04-17T10:51:09","date_gmt":"2023-04-17T08:51:09","guid":{"rendered":"https:\/\/www.canceropole-grandouest.com\/accueil-english\/"},"modified":"2025-07-16T15:11:12","modified_gmt":"2025-07-16T13:11:12","slug":"accueil-2","status":"publish","type":"page","link":"https:\/\/www.canceropole-grandouest.com\/shs\/","title":{"rendered":"Sciences Humaines et Sociales &#038; Cancer (SHS)"},"content":{"rendered":"\n\n\t<div id=\"image-map-pro-3238\"><\/div>\n<p>&nbsp;<\/p>\n<p><strong>Ce r\u00e9seau a pour vocation de favoriser les\u00a0 liens entre les Sciences Humaines et Sociales et les acteurs du monde m\u00e9dical dans la lutte contre le cancer.<\/strong><\/p>\n<p>L&rsquo;objectif est de soutenir les travaux de recherches multicentriques, de mutualiser les moyens et de permettre une approche pluridisciplinaire de la recherche. A ce titre, le r\u00e9seau SHS regroupe des chercheurs en sciences humaines et sociales et des soignants autour de la question du cancer.<\/p>\n<p>Le r\u00e9seau constitu\u00e9 s&rsquo;\u00e9tend sur de nombreux champs disciplinaires comme la linguistique, la sociologie, la psychologie, la philosophie, l&rsquo;\u00e9conomie, l&rsquo;histoire, les arts, et les biomath\u00e9matiques.<\/p>\n<p>Le r\u00e9seau SHS se structure au travers d&rsquo;une dynamique de site et de groupes de travail. Les \u00e9quipes de recherche sont pr\u00e9sentes \u00e0 : Angers, Brest, Nantes, Orl\u00e9ans, Rennes, Le Mans et Tours.<\/p>\n<p>Les th\u00e9matiques des recherches conduites sont : le Dispositif d&rsquo;Annonce, la Pr\u00e9vention, le D\u00e9pistage, l&rsquo;impact socio-\u00e9conomique de la maladie,l&rsquo; histoire des discours, repr\u00e9sentations et pratiques th\u00e9rapeutiques sur le cancer, la Qualit\u00e9 de vie du patient et la Qualit\u00e9 de vie du soignant. En 2019 le r\u00e9seau a organis\u00e9 le colloque Cancer et travail les 28 et 29 mars 2019 \u00e0 Nantes t\u00e9moignant \u00e9galement de l&rsquo;importance de cette th\u00e9matique dans le r\u00e9seau.<\/p>\n<p>Le r\u00e9seau SHS est impliqu\u00e9 dans la plate-forme \u00ab\u00a0Qualit\u00e9 de vie des soignants et des patients\u00a0\u00bb du Canc\u00e9rop\u00f4le Grand Est, avec une dynamique de recherche nationale.<\/p>\n\t<h2>Ev\u00e9nements !<\/h2>\n\t\t\t\t<img decoding=\"async\" src=\"https:\/\/www.canceropole-grandouest.com\/shs\/wp-content\/uploads\/sites\/9\/2025\/04\/affiche_seminaireMSH-CGO_2025_grandcarreweb-150x150.jpg\" alt=\"affiche_s\u00e9minaireMSH-CGO_2025_grandcarreweb\" itemprop=\"image\" height=\"150\" width=\"150\" title=\"affiche_s\u00e9minaireMSH-CGO_2025_grandcarreweb\" onerror=\"this.style.display='none'\" loading='lazy' \/>\n\t<p><strong>29 avril 2025.<\/strong>\u00a01<sup>er<\/sup>\u00a0S\u00e9minaire commun SHS CGO et SHS et sant\u00e9 MSH Ange-Gu\u00e9pin \u00ab\u00a0Maladies chroniques, qualit\u00e9 de vie et travail\u00a0\u00bb.\u00a0<a href=\"https:\/\/www.canceropole-grandouest.com\/premier-seminaire-commun-du-reseau-shs-du-cgo-et-de-laxe-shs-et-sante-de-la-msh-nantes\/\" target=\"_blank\" rel=\"noopener\">Infos<\/a><\/p>\n<p>&nbsp;<\/p>\n\n","protected":false},"excerpt":{"rendered":"<p>&nbsp; Ce r\u00e9seau a pour vocation de favoriser les\u00a0 liens entre les Sciences Humaines et Sociales et les&#8230;<\/p>\n","protected":false},"author":2,"featured_media":0,"parent":0,"menu_order":0,"comment_status":"closed","ping_status":"closed","template":"templates\/tpl-accueil-reseaux.php","meta":{"_acf_changed":false,"inline_featured_image":false,"footnotes":""},"class_list":["post-788","page","type-page","status-publish","hentry"],"acf":[],"yoast_head":"<!-- This site is optimized with the Yoast SEO plugin v27.3 - https:\/\/yoast.com\/product\/yoast-seo-wordpress\/ -->\n<title>Sciences Humaines et Sociales &amp; Cancer (SHS) - Sciences Humaines et Sociales (SHS)<\/title>\n<meta name=\"robots\" content=\"index, follow, max-snippet:-1, max-image-preview:large, max-video-preview:-1\" \/>\n<link rel=\"canonical\" href=\"https:\/\/www.canceropole-grandouest.com\/shs\/\" \/>\n<meta property=\"og:locale\" content=\"fr_FR\" \/>\n<meta property=\"og:type\" content=\"article\" \/>\n<meta property=\"og:title\" content=\"Sciences Humaines et Sociales &amp; Cancer (SHS) - Sciences Humaines et Sociales (SHS)\" \/>\n<meta property=\"og:description\" content=\"&nbsp; Ce r\u00e9seau a pour vocation de favoriser les\u00a0 liens entre les Sciences Humaines et Sociales et les...\" \/>\n<meta property=\"og:url\" content=\"https:\/\/www.canceropole-grandouest.com\/shs\/\" \/>\n<meta property=\"og:site_name\" content=\"Sciences Humaines et Sociales (SHS)\" \/>\n<meta property=\"article:modified_time\" content=\"2025-07-16T13:11:12+00:00\" \/>\n<meta property=\"og:image\" content=\"https:\/\/www.canceropole-grandouest.com\/shs\/wp-content\/uploads\/sites\/9\/2025\/04\/affiche_seminaireMSH-CGO_2025_grandcarreweb-150x150.jpg\" \/>\n<meta name=\"twitter:card\" content=\"summary_large_image\" \/>\n<meta name=\"twitter:label1\" content=\"Dur\u00e9e de lecture estim\u00e9e\" \/>\n\t<meta name=\"twitter:data1\" content=\"1 minute\" \/>\n<script type=\"application\/ld+json\" class=\"yoast-schema-graph\">{\"@context\":\"https:\\\/\\\/schema.org\",\"@graph\":[{\"@type\":\"WebPage\",\"@id\":\"https:\\\/\\\/www.canceropole-grandouest.com\\\/shs\\\/\",\"url\":\"https:\\\/\\\/www.canceropole-grandouest.com\\\/shs\\\/\",\"name\":\"Sciences Humaines et Sociales & Cancer (SHS) - Sciences Humaines et Sociales (SHS)\",\"isPartOf\":{\"@id\":\"https:\\\/\\\/www.canceropole-grandouest.com\\\/shs\\\/#website\"},\"primaryImageOfPage\":{\"@id\":\"https:\\\/\\\/www.canceropole-grandouest.com\\\/shs\\\/#primaryimage\"},\"image\":{\"@id\":\"https:\\\/\\\/www.canceropole-grandouest.com\\\/shs\\\/#primaryimage\"},\"thumbnailUrl\":\"https:\\\/\\\/www.canceropole-grandouest.com\\\/shs\\\/wp-content\\\/uploads\\\/sites\\\/9\\\/2025\\\/04\\\/affiche_seminaireMSH-CGO_2025_grandcarreweb-150x150.jpg\",\"datePublished\":\"2023-04-17T08:51:09+00:00\",\"dateModified\":\"2025-07-16T13:11:12+00:00\",\"breadcrumb\":{\"@id\":\"https:\\\/\\\/www.canceropole-grandouest.com\\\/shs\\\/#breadcrumb\"},\"inLanguage\":\"fr-FR\",\"potentialAction\":[{\"@type\":\"ReadAction\",\"target\":[\"https:\\\/\\\/www.canceropole-grandouest.com\\\/shs\\\/\"]}]},{\"@type\":\"ImageObject\",\"inLanguage\":\"fr-FR\",\"@id\":\"https:\\\/\\\/www.canceropole-grandouest.com\\\/shs\\\/#primaryimage\",\"url\":\"https:\\\/\\\/www.canceropole-grandouest.com\\\/shs\\\/wp-content\\\/uploads\\\/sites\\\/9\\\/2025\\\/04\\\/affiche_seminaireMSH-CGO_2025_grandcarreweb.jpg\",\"contentUrl\":\"https:\\\/\\\/www.canceropole-grandouest.com\\\/shs\\\/wp-content\\\/uploads\\\/sites\\\/9\\\/2025\\\/04\\\/affiche_seminaireMSH-CGO_2025_grandcarreweb.jpg\",\"width\":680,\"height\":540},{\"@type\":\"BreadcrumbList\",\"@id\":\"https:\\\/\\\/www.canceropole-grandouest.com\\\/shs\\\/#breadcrumb\",\"itemListElement\":[{\"@type\":\"ListItem\",\"position\":1,\"name\":\"Accueil\",\"item\":\"https:\\\/\\\/www.canceropole-grandouest.com\\\/shs\\\/\"},{\"@type\":\"ListItem\",\"position\":2,\"name\":\"Sciences Humaines et Sociales &#038; Cancer (SHS)\"}]},{\"@type\":\"WebSite\",\"@id\":\"https:\\\/\\\/www.canceropole-grandouest.com\\\/shs\\\/#website\",\"url\":\"https:\\\/\\\/www.canceropole-grandouest.com\\\/shs\\\/\",\"name\":\"Sciences Humaines et Sociales (SHS)\",\"description\":\"Bretagne. Centre-Val de Loire. Pays de la Loire\",\"potentialAction\":[{\"@type\":\"SearchAction\",\"target\":{\"@type\":\"EntryPoint\",\"urlTemplate\":\"https:\\\/\\\/www.canceropole-grandouest.com\\\/shs\\\/?s={search_term_string}\"},\"query-input\":{\"@type\":\"PropertyValueSpecification\",\"valueRequired\":true,\"valueName\":\"search_term_string\"}}],\"inLanguage\":\"fr-FR\"}]}<\/script>\n<!-- \/ Yoast SEO plugin. -->","yoast_head_json":{"title":"Sciences Humaines et Sociales & Cancer (SHS) - Sciences Humaines et Sociales (SHS)","robots":{"index":"index","follow":"follow","max-snippet":"max-snippet:-1","max-image-preview":"max-image-preview:large","max-video-preview":"max-video-preview:-1"},"canonical":"https:\/\/www.canceropole-grandouest.com\/shs\/","og_locale":"fr_FR","og_type":"article","og_title":"Sciences Humaines et Sociales & Cancer (SHS) - Sciences Humaines et Sociales (SHS)","og_description":"&nbsp; Ce r\u00e9seau a pour vocation de favoriser les\u00a0 liens entre les Sciences Humaines et Sociales et les...","og_url":"https:\/\/www.canceropole-grandouest.com\/shs\/","og_site_name":"Sciences Humaines et Sociales (SHS)","article_modified_time":"2025-07-16T13:11:12+00:00","og_image":[{"url":"https:\/\/www.canceropole-grandouest.com\/shs\/wp-content\/uploads\/sites\/9\/2025\/04\/affiche_seminaireMSH-CGO_2025_grandcarreweb-150x150.jpg","type":"","width":"","height":""}],"twitter_card":"summary_large_image","twitter_misc":{"Dur\u00e9e de lecture estim\u00e9e":"1 minute"},"schema":{"@context":"https:\/\/schema.org","@graph":[{"@type":"WebPage","@id":"https:\/\/www.canceropole-grandouest.com\/shs\/","url":"https:\/\/www.canceropole-grandouest.com\/shs\/","name":"Sciences Humaines et Sociales & Cancer (SHS) - Sciences Humaines et Sociales (SHS)","isPartOf":{"@id":"https:\/\/www.canceropole-grandouest.com\/shs\/#website"},"primaryImageOfPage":{"@id":"https:\/\/www.canceropole-grandouest.com\/shs\/#primaryimage"},"image":{"@id":"https:\/\/www.canceropole-grandouest.com\/shs\/#primaryimage"},"thumbnailUrl":"https:\/\/www.canceropole-grandouest.com\/shs\/wp-content\/uploads\/sites\/9\/2025\/04\/affiche_seminaireMSH-CGO_2025_grandcarreweb-150x150.jpg","datePublished":"2023-04-17T08:51:09+00:00","dateModified":"2025-07-16T13:11:12+00:00","breadcrumb":{"@id":"https:\/\/www.canceropole-grandouest.com\/shs\/#breadcrumb"},"inLanguage":"fr-FR","potentialAction":[{"@type":"ReadAction","target":["https:\/\/www.canceropole-grandouest.com\/shs\/"]}]},{"@type":"ImageObject","inLanguage":"fr-FR","@id":"https:\/\/www.canceropole-grandouest.com\/shs\/#primaryimage","url":"https:\/\/www.canceropole-grandouest.com\/shs\/wp-content\/uploads\/sites\/9\/2025\/04\/affiche_seminaireMSH-CGO_2025_grandcarreweb.jpg","contentUrl":"https:\/\/www.canceropole-grandouest.com\/shs\/wp-content\/uploads\/sites\/9\/2025\/04\/affiche_seminaireMSH-CGO_2025_grandcarreweb.jpg","width":680,"height":540},{"@type":"BreadcrumbList","@id":"https:\/\/www.canceropole-grandouest.com\/shs\/#breadcrumb","itemListElement":[{"@type":"ListItem","position":1,"name":"Accueil","item":"https:\/\/www.canceropole-grandouest.com\/shs\/"},{"@type":"ListItem","position":2,"name":"Sciences Humaines et Sociales &#038; Cancer (SHS)"}]},{"@type":"WebSite","@id":"https:\/\/www.canceropole-grandouest.com\/shs\/#website","url":"https:\/\/www.canceropole-grandouest.com\/shs\/","name":"Sciences Humaines et Sociales (SHS)","description":"Bretagne. Centre-Val de Loire. Pays de la Loire","potentialAction":[{"@type":"SearchAction","target":{"@type":"EntryPoint","urlTemplate":"https:\/\/www.canceropole-grandouest.com\/shs\/?s={search_term_string}"},"query-input":{"@type":"PropertyValueSpecification","valueRequired":true,"valueName":"search_term_string"}}],"inLanguage":"fr-FR"}]}},"_links":{"self":[{"href":"https:\/\/www.canceropole-grandouest.com\/shs\/wp-json\/wp\/v2\/pages\/788","targetHints":{"allow":["GET"]}}],"collection":[{"href":"https:\/\/www.canceropole-grandouest.com\/shs\/wp-json\/wp\/v2\/pages"}],"about":[{"href":"https:\/\/www.canceropole-grandouest.com\/shs\/wp-json\/wp\/v2\/types\/page"}],"author":[{"embeddable":true,"href":"https:\/\/www.canceropole-grandouest.com\/shs\/wp-json\/wp\/v2\/users\/2"}],"replies":[{"embeddable":true,"href":"https:\/\/www.canceropole-grandouest.com\/shs\/wp-json\/wp\/v2\/comments?post=788"}],"version-history":[{"count":46,"href":"https:\/\/www.canceropole-grandouest.com\/shs\/wp-json\/wp\/v2\/pages\/788\/revisions"}],"predecessor-version":[{"id":1443,"href":"https:\/\/www.canceropole-grandouest.com\/shs\/wp-json\/wp\/v2\/pages\/788\/revisions\/1443"}],"wp:attachment":[{"href":"https:\/\/www.canceropole-grandouest.com\/shs\/wp-json\/wp\/v2\/media?parent=788"}],"curies":[{"name":"wp","href":"https:\/\/api.w.org\/{rel}","templated":true}]}}